{"id":14599,"date":"2025-02-05T15:35:33","date_gmt":"2025-02-05T14:35:33","guid":{"rendered":"https:\/\/www.cicables.com\/?page_id=14599"},"modified":"2025-03-28T09:01:58","modified_gmt":"2025-03-28T08:01:58","slug":"marque-employeur","status":"publish","type":"page","link":"https:\/\/www.cicables.com\/en\/marque-employeur\/","title":{"rendered":"Marque Employeur"},"content":{"rendered":"<link rel=\"stylesheet\" href=\"https:\/\/cdn.jsdelivr.net\/npm\/bootstrap@4.0.0\/dist\/css\/bootstrap.min.css\" integrity=\"sha384-Gn5384xqQ1aoWXA+058RXPxPg6fy4IWvTNh0E263XmFcJlSAwiGgFAW\/dAiS6JXm\" crossorigin=\"anonymous\">\n\n\t<style type=\"text\/css\">\n                #lqd-site-content{ background: #bedbe3 !important; } \n                .container{  \n                        background: #bedbe3;\n                        width: 100%;\n                        margin-top: -3%;\n                        margin-left: 12.1%;\n                }\n\t\t.card-img-top{\n\t\t\theight: 12em;\n\t\t\tborder-radius: 1em;\n\t\t}\n\t\t.card-text{ font-size:12px; background: transparent; color: black; text-align: justify; }\n\t\t.card-body, .card{ background: transparent; border: 0; }\n\n\t\t.marque-employeur{\n\t\t\tbackground: url(https:\/\/portail.cicables.com:8090\/siteweb\/photos\/3.jpeg) no-repeat;\n\t\t\tbackground-size: 127% 100%;\n\t\t}\n\n                @media only screen and (max-width: 600px) {\n                        #lqd-contents-wrap{ margin-left: 0px; }\n                }\n\t<\/style>\n\n<div class=\"col-md-12 marque-employeur\"> \n\t<div class=\"col-md-12\"> <br><br><br> <\/div>\n\t<div class=\"col-md-9\">\n\t\t<div class=\"card-deck\">\n\t\t\t<div class=\"card\">\n\t\t\t    <img decoding=\"async\" class=\"card-img-top\" src=\"https:\/\/portail.cicables.com:8090\/siteweb\/photos\/4.jpg\" alt=\"Card image cap\">\n\t\t\t    <div class=\"card-body\">\n\t\t\t      <p class=\"card-text\">C\u00f4te d\u2019Ivoire C\u00e2bles est une entreprise engag\u00e9e dans la promotion de l\u2019inclusion et de l\u2019\u00e9galit\u00e9 des chances. Nous offrons des opportunit\u00e9s d\u2019emploi, enparticulier aux jeunes talents, pour leur\n\tpermettre de se d\u00e9velopper et d\u2019\u00e9voluer dans un environnement de travail sain. La diversit\u00e9 et l\u2019absence de discrimination sont des valeurs fondamentales au sein de notre organisation.<\/p>\n\t\t\t    <\/div>\n\t\t\t<\/div>\n\t\t\t<div class=\"card\">\n\t\t\t    <img decoding=\"async\" class=\"card-img-top\" src=\"https:\/\/portail.cicables.com:8090\/siteweb\/photos\/1.jpg\" alt=\"Card image cap\">\n\t\t\t    <div class=\"card-body\">\n\t\t\t      <p class=\"card-text\">Homme ou femme, chaque collaborateur est valoris\u00e9 pour ses comp\u00e9tences et son engagement. Nous favorisons un environnement de travail respectueux, o\u00f9 chacun peut progresser selon ses m\u00e9rites. Notre entreprise propose \u00e9galement des programmes de formation continue pour accompagner le d\u00e9veloppement professionnel de nos collaborateurs.<\/p>\n\t\t\t    <\/div>\n\t\t\t<\/div>\n\t\t\t<div class=\"card\">\n\t\t\t    <img decoding=\"async\" class=\"card-img-top\" src=\"https:\/\/portail.cicables.com:8090\/siteweb\/photos\/2.jpg\" alt=\"Card image cap\">\n\t\t\t    <div class=\"card-body\">\n\t\t\t      <p class=\"card-text\">En rejoignant notre \u00e9quipe, les jeunes talents peuvent s\u2019\u00e9panouir et relever de nouveaux d\u00e9fis. Nous croyons en l\u2019importance d\u2019offrir des perspectives d\u2019\u00e9volution \u00e0 tous nos employ\u00e9s. Notre \u00e9quipe refl\u00e8te une v\u00e9ritable richesse humaine gr\u00e2ce \u00e0 ses membres issus de divers horizons.<\/p>\n\t\t\t    <\/div>\n\t\t\t<\/div>\n\t\t<\/div>\n\t<\/div>\n\t<div class=\"col-md-3\">\n\t<\/div>\n\t<div class=\"col-md-9 card-text\" style=\"text-align:center;\"> C\u00f4te d\u2019Ivoire C\u00e2bles est un lieu o\u00f9 la cr\u00e9ativit\u00e9, l\u2019ambition et l\u2019\u00e9galit\u00e9 sont au c\u0153ur de notre dynamique de travail. <\/div>\n<\/div>\n\n\n\n<p><\/p>","protected":false},"excerpt":{"rendered":"<p>C\u00f4te d\u2019Ivoire C\u00e2bles est une entreprise engag\u00e9e dans la promotion de l\u2019inclusion et de l\u2019\u00e9galit\u00e9 des chances. Nous offrons des opportunit\u00e9s d\u2019emploi, enparticulier aux jeunes talents, pour leur permettre de se d\u00e9velopper et d\u2019\u00e9voluer dans un environnement de travail sain. La diversit\u00e9 et l\u2019absence de discrimination sont des valeurs fondamentales au sein de notre organisation. [&hellip;]<\/p>","protected":false},"author":2,"featured_media":0,"parent":0,"menu_order":0,"comment_status":"closed","ping_status":"closed","template":"","meta":{"om_disable_all_campaigns":false,"_monsterinsights_skip_tracking":false,"_monsterinsights_sitenote_active":false,"_monsterinsights_sitenote_note":"","_monsterinsights_sitenote_category":0,"_themeisle_gutenberg_block_has_review":false,"footnotes":""},"class_list":["post-14599","page","type-page","status-publish","hentry"],"aioseo_notices":[],"jetpack_sharing_enabled":true,"_links":{"self":[{"href":"https:\/\/www.cicables.com\/en\/wp-json\/wp\/v2\/pages\/14599","targetHints":{"allow":["GET"]}}],"collection":[{"href":"https:\/\/www.cicables.com\/en\/wp-json\/wp\/v2\/pages"}],"about":[{"href":"https:\/\/www.cicables.com\/en\/wp-json\/wp\/v2\/types\/page"}],"author":[{"embeddable":true,"href":"https:\/\/www.cicables.com\/en\/wp-json\/wp\/v2\/users\/2"}],"replies":[{"embeddable":true,"href":"https:\/\/www.cicables.com\/en\/wp-json\/wp\/v2\/comments?post=14599"}],"version-history":[{"count":48,"href":"https:\/\/www.cicables.com\/en\/wp-json\/wp\/v2\/pages\/14599\/revisions"}],"predecessor-version":[{"id":14674,"href":"https:\/\/www.cicables.com\/en\/wp-json\/wp\/v2\/pages\/14599\/revisions\/14674"}],"wp:attachment":[{"href":"https:\/\/www.cicables.com\/en\/wp-json\/wp\/v2\/media?parent=14599"}],"curies":[{"name":"wp","href":"https:\/\/api.w.org\/{rel}","templated":true}]}}