{"id":14712,"date":"2026-01-26T15:13:37","date_gmt":"2026-01-26T14:13:37","guid":{"rendered":"https:\/\/www.cicables.com\/?page_id=14712"},"modified":"2026-01-26T15:47:27","modified_gmt":"2026-01-26T14:47:27","slug":"presse","status":"publish","type":"page","link":"https:\/\/www.cicables.com\/en\/presse\/","title":{"rendered":"presse"},"content":{"rendered":"<p><img decoding=\"async\" width=\"30\" height=\"30\" class=\"wp-image-14723\" style=\"width: 30px;\" src=\"https:\/\/www.cicables.com\/wp-content\/uploads\/2026\/01\/fordes_logo.jpeg\" alt=\"\" srcset=\"https:\/\/www.cicables.com\/wp-content\/uploads\/2026\/01\/fordes_logo.jpeg 100w, https:\/\/www.cicables.com\/wp-content\/uploads\/2026\/01\/fordes_logo-12x12.jpeg 12w\" sizes=\"(max-width: 30px) 100vw, 30px\" \/>  <strong>Communiqu\u00e9s de presse<\/strong> du 19 Janvier 2026<\/p>\n\n\n\n<div class=\"wp-block-media-text is-stacked-on-mobile\"><figure class=\"wp-block-media-text__media\"><img fetchpriority=\"high\" decoding=\"async\" width=\"800\" height=\"533\" src=\"https:\/\/www.cicables.com\/wp-content\/uploads\/2026\/01\/fordes.jpeg\" alt=\"\" class=\"wp-image-14713 size-full\" srcset=\"https:\/\/www.cicables.com\/wp-content\/uploads\/2026\/01\/fordes.jpeg 800w, https:\/\/www.cicables.com\/wp-content\/uploads\/2026\/01\/fordes-300x200.jpeg 300w, https:\/\/www.cicables.com\/wp-content\/uploads\/2026\/01\/fordes-18x12.jpeg 18w\" sizes=\"(max-width: 800px) 100vw, 800px\" \/><\/figure><div class=\"wp-block-media-text__content\">\n<p>Merci \u00e0&nbsp;<strong><em>Forbes Afrique&nbsp;<\/em><\/strong>pour cette mise en lumi\u00e8re de notre engagement.<\/p>\n\n\n\n<p>\u00c0 travers ce portrait, c\u2019est toute l\u2019ambition de&nbsp;<strong>C\u00f4te d\u2019Ivoire C\u00e2bles<\/strong>&nbsp;qui s\u2019exprime :&nbsp;<strong>construire des infrastructures num\u00e9riques robustes, durables et performantes<\/strong>, au service de la transformation digitale de l\u2019Afrique de l\u2019Ouest.<\/p>\n\n\n\n<p>Aux c\u00f4t\u00e9s d\u2019<strong>Orange C\u00f4te d\u2019Ivoire<\/strong>, nos \u00e9quipes \u0153uvrent chaque jour au d\u00e9ploiement, \u00e0 la maintenance et \u00e0 la modernisation de r\u00e9seaux&nbsp;<strong>100 % fibre<\/strong>, garants de la qualit\u00e9 de service, de la fiabilit\u00e9 et de l\u2019inclusion num\u00e9rique.<\/p>\n\n\n\n<p><\/p>\n<\/div><\/div>\n\n\n\n<p><\/p>\n\n\n\n<p>Cette reconnaissance salue le travail remarquable de nos collaborateurs ainsi que la vision port\u00e9e par notre Directeur G\u00e9n\u00e9ral,\u00a0<strong>KONE Kolo.<\/strong> Avec exigence et innovation, nous poursuivons notre mission :\u00a0<strong>r\u00e9inventer le m\u00e9tier de l\u2019intervention<\/strong>, en devenant le partenaire de r\u00e9f\u00e9rence gr\u00e2ce \u00e0 des\u00a0<strong>techniciens et ing\u00e9nieurs certifi\u00e9s<\/strong>, int\u00e9grant une\u00a0<strong>d\u00e9marche qualit\u00e9<\/strong>\u00a0au c\u0153ur de chaque prestation. \ud83c\udd75\u00a0<strong>En savoir plus<\/strong>\u00a0\ud83d\udc49\u00a0<a href=\"https:\/\/lnkd.in\/d7uEmc6F\" target=\"_blank\" rel=\"noreferrer noopener\">https:\/\/lnkd.in\/d7uEmc6F<\/a><\/p>\n\n\n\n<p><\/p>","protected":false},"excerpt":{"rendered":"<p>Communiqu\u00e9s de presse du 19 Janvier 2026 Merci \u00e0&nbsp;Forbes Afrique&nbsp;pour cette mise en lumi\u00e8re de notre engagement. \u00c0 travers ce portrait, c\u2019est toute l\u2019ambition de&nbsp;C\u00f4te d\u2019Ivoire C\u00e2bles&nbsp;qui s\u2019exprime :&nbsp;construire des infrastructures num\u00e9riques robustes, durables et performantes, au service de la transformation digitale de l\u2019Afrique de l\u2019Ouest. Aux c\u00f4t\u00e9s d\u2019Orange C\u00f4te d\u2019Ivoire, nos \u00e9quipes \u0153uvrent chaque [&hellip;]<\/p>","protected":false},"author":2,"featured_media":0,"parent":0,"menu_order":0,"comment_status":"closed","ping_status":"closed","template":"","meta":{"om_disable_all_campaigns":false,"_monsterinsights_skip_tracking":false,"_monsterinsights_sitenote_active":false,"_monsterinsights_sitenote_note":"","_monsterinsights_sitenote_category":0,"_themeisle_gutenberg_block_has_review":false,"footnotes":""},"class_list":["post-14712","page","type-page","status-publish","hentry"],"aioseo_notices":[],"jetpack_sharing_enabled":true,"_links":{"self":[{"href":"https:\/\/www.cicables.com\/en\/wp-json\/wp\/v2\/pages\/14712","targetHints":{"allow":["GET"]}}],"collection":[{"href":"https:\/\/www.cicables.com\/en\/wp-json\/wp\/v2\/pages"}],"about":[{"href":"https:\/\/www.cicables.com\/en\/wp-json\/wp\/v2\/types\/page"}],"author":[{"embeddable":true,"href":"https:\/\/www.cicables.com\/en\/wp-json\/wp\/v2\/users\/2"}],"replies":[{"embeddable":true,"href":"https:\/\/www.cicables.com\/en\/wp-json\/wp\/v2\/comments?post=14712"}],"version-history":[{"count":20,"href":"https:\/\/www.cicables.com\/en\/wp-json\/wp\/v2\/pages\/14712\/revisions"}],"predecessor-version":[{"id":14736,"href":"https:\/\/www.cicables.com\/en\/wp-json\/wp\/v2\/pages\/14712\/revisions\/14736"}],"wp:attachment":[{"href":"https:\/\/www.cicables.com\/en\/wp-json\/wp\/v2\/media?parent=14712"}],"curies":[{"name":"wp","href":"https:\/\/api.w.org\/{rel}","templated":true}]}}